{"id":7437,"date":"2008-03-12T00:33:14","date_gmt":"2008-03-11T23:33:14","guid":{"rendered":"http:\/\/www.fioritieditore.com\/prodotto\/luso-dei-mandala-in-psichiatria-una-ricerca-sui-pazienti-ricoverati-in-un-servizio-psichiatrico-di-diagnosi-e-cura\/"},"modified":"2019-11-07T17:48:19","modified_gmt":"2019-11-07T16:48:19","slug":"luso-dei-mandala-in-psichiatria-una-ricerca-sui-pazienti-ricoverati-in-un-servizio-psichiatrico-di-diagnosi-e-cura","status":"publish","type":"product","link":"https:\/\/www.fioritieditore.com\/en\/prodotto\/luso-dei-mandala-in-psichiatria-una-ricerca-sui-pazienti-ricoverati-in-un-servizio-psichiatrico-di-diagnosi-e-cura\/","title":{"rendered":"L\u2019USO DEI MANDALA IN PSICHIATRIA: UNA RICERCA SUI PAZIENTI RICOVERATI IN UN SERVIZIO PSICHIATRICO DI DIAGNOSI E CURA"},"content":{"rendered":"<p>[:it]Oggetto: Il mandala \u00e8 una figura geometrica con una struttura circolare simmetrica e un nucleo centrale. Il mandala \u00e8 stato utilizzato in passato da Jung, che ne mostr\u00f2 la validit\u00c0 terapeutica. Attualmente il mandala viene utilizzato in alcuni servizi psichiatrici in Germania, Australia e Stati Uniti. Metodo: Questo lavoro \u00e8 stato effettuato presso il Servizio Psichiatrico di Alzano Lombardo (Bergamo). 108 pazienti, che hanno accettato di partecipare, sono stati dotati di pastelli colorati ed \u00e8 stato loro richiesto di colorare lo stesso tipo di mandala in un\u2019ora di tempo. I mandala dei pazienti sono stati esaminati rispetto a variabili formali relative al rispetto dei margini, alla simmetria, al tipo di segni, alla omogeneit\u00c0, alla sovrapposizione di colori, ed ai colori utilizzati. I pazienti sono stati classificati secondo la diagnosi. Risultati: La partecipazione media allo studio \u00e8 stata di circa il 50%. Abbiamo trovato differenze significative tra i gruppi diagnostici di schizofrenia e mania, tra schizofrenia e disturbo borderline, tra mania e depressione. Non abbiamo trovato differenze significative tra mania e disturbo borderline. Conclusioni: Il nostro studio ha mostrato la possibilit\u00c0 di identificare e quantificare differenze psicopatologiche descrittive non tradizionali tra gruppi diagnostici psichiatrici, e dimostra l\u2019utilit\u00c0 del mandala nella psicodiagnosi[:en]Object: Mandala is a geometric figure with a symmetrical circular structure and a central nucleus. Mandala was already used by Jung, who showed its therapeutic validity. At present mandala is used in some Psychiatric Services in Germany, Australia and United States. Our aims was to evaluate the predictive diagnostic efficacy of mandala in a context of in-patients in Psychiatric Services. Method: This one-year study was carried out in the Psychiatric Service of Alzano Lombardo (Bergamo, north Italy). 108 patients, who accepted to participate, were equipped with colours and were asked to perform the same mandala in one hour time. Patients\u2019 mandalas were examined according to formal variables concerning the respect of margins, the symmetry, the type of signs, the homogeneity, the superimposition of colours, and the colours used. Patiens were classified according to diagnosis. Results: The average participation to the study was about 50%. We found significant differences between diagnostic groups of schizophrena and mania, schizophrenia and borderline disorder, mania and depression. We found no significant differences between mania and borderline disorder. Conclusions: Our study showed the possibility to identify and to quantify non-traditional descriptive psychopatological differencies between psychiatric diagnostic groups, and the utility of mandala in psychodiagnosis.[:]<\/p>\n","protected":false},"excerpt":{"rendered":"<p>[:it]Oggetto: Il mandala \u00e8 una figura geometrica con una struttura circolare simmetrica e un nucleo centrale. Il mandala \u00e8 stato utilizzato in passato da Jung, che ne mostr\u00f2 la validit\u00c0&hellip;<\/p>\n","protected":false},"featured_media":7177,"comment_status":"open","ping_status":"closed","template":"","meta":{"_acf_changed":false,"om_disable_all_campaigns":false,"_monsterinsights_skip_tracking":false,"_monsterinsights_sitenote_active":false,"_monsterinsights_sitenote_note":"","_monsterinsights_sitenote_category":0},"product_brand":[],"product_cat":[3003],"product_tag":[3365,4069,4070,4071,4072,4073,4074],"class_list":{"0":"post-7437","1":"product","2":"type-product","3":"status-publish","4":"has-post-thumbnail","6":"product_cat-no-1-marzo-2008","7":"product_tag-depression","8":"product_tag-schizofrenia","9":"product_tag-mania","10":"product_tag-borderline","11":"product_tag-art-therapy","12":"product_tag-mandala","13":"product_tag-symbol","14":"description-off","16":"first","17":"instock","18":"downloadable","19":"virtual","20":"sold-individually","21":"taxable","22":"purchasable","23":"product-type-simple"},"acf":[],"aioseo_notices":[],"_links":{"self":[{"href":"https:\/\/www.fioritieditore.com\/en\/wp-json\/wp\/v2\/product\/7437","targetHints":{"allow":["GET"]}}],"collection":[{"href":"https:\/\/www.fioritieditore.com\/en\/wp-json\/wp\/v2\/product"}],"about":[{"href":"https:\/\/www.fioritieditore.com\/en\/wp-json\/wp\/v2\/types\/product"}],"replies":[{"embeddable":true,"href":"https:\/\/www.fioritieditore.com\/en\/wp-json\/wp\/v2\/comments?post=7437"}],"wp:featuredmedia":[{"embeddable":true,"href":"https:\/\/www.fioritieditore.com\/en\/wp-json\/wp\/v2\/media\/7177"}],"wp:attachment":[{"href":"https:\/\/www.fioritieditore.com\/en\/wp-json\/wp\/v2\/media?parent=7437"}],"wp:term":[{"taxonomy":"product_brand","embeddable":true,"href":"https:\/\/www.fioritieditore.com\/en\/wp-json\/wp\/v2\/product_brand?post=7437"},{"taxonomy":"product_cat","embeddable":true,"href":"https:\/\/www.fioritieditore.com\/en\/wp-json\/wp\/v2\/product_cat?post=7437"},{"taxonomy":"product_tag","embeddable":true,"href":"https:\/\/www.fioritieditore.com\/en\/wp-json\/wp\/v2\/product_tag?post=7437"}],"curies":[{"name":"wp","href":"https:\/\/api.w.org\/{rel}","templated":true}]}}