{"id":8462,"date":"2017-03-08T17:00:07","date_gmt":"2017-03-08T16:00:07","guid":{"rendered":"http:\/\/www.fioritieditore.com\/?post_type=product&#038;p=8462"},"modified":"2020-05-26T05:37:56","modified_gmt":"2020-05-26T03:37:56","slug":"scienza-della-magia-una-revisione-della-letteratura-sullantico-dialogo-e-le-nuove-sinergie-fra-illusionismo-e-psicologia-science-of-magic-a-literature-review-of-ancient-dialogue-and-new-s","status":"publish","type":"product","link":"https:\/\/www.fioritieditore.com\/en\/prodotto\/scienza-della-magia-una-revisione-della-letteratura-sullantico-dialogo-e-le-nuove-sinergie-fra-illusionismo-e-psicologia-science-of-magic-a-literature-review-of-ancient-dialogue-and-new-s\/","title":{"rendered":"SCIENZA DELLA MAGIA; UNA REVISIONE DELLA LETTERATURA SULL\u2019ANTICO DIALOGO E LE NUOVE SINERGIE FRA ILLUSIONISMO E PSICOLOGIA | SCIENCE OF MAGIC; A LITERATURE REVIEW OF ANCIENT DIALOGUE AND NEW SYNERGIES BETWEEN ILLUSIONISM AND PSYCHOLOGY"},"content":{"rendered":"<p>L\u2019illusionismo \u00e8 impiegato da secoli come strumento artistico secondo regole di grande interesse psicologico. I trucchi magici funzionano fondamentalmente perch\u00e9 gli aspetti cognitivi ed emotivi sono suscettibili di manipolazione. La realt\u00e0 non \u00e8 vissuta infatti dagli individui come tale ma \u00e8 il risultato di un\u2019attivit\u00e0 di costruzione svolta attivamente nel cervello. L\u2019arte della magia \u00e8 basata sull\u2019azione su propriet\u00e0 intrinseche della mente e i prestigiatori \u2013 come i truffatori e i bari \u2013 sono di fatto degli esperti di scienze cognitive che sanno manipolare abilmente la percezione della realt\u00e0.<br \/>\nLa prestidigitazione ha origine come disciplina segreta che richiede un apprendimento complesso e anche oggi, nonostante una sua recente volgarizzazione attraverso internet, padroneggiare quest\u2019arte non consiste tanto o soltanto nel conoscerne i trucchi ma richiede costanza nello studio, curiosit\u00e0 nella sperimentazione e particolari modalit\u00e0 di pensiero.<br \/>\nL\u2019illusione ha le sue regole di funzionamento in parte singolari e che dipendono dalla storia del singolo individuo, in parte condivise da tutti gli esseri umani. Gi\u00e0 alla fine dell\u2019Ottocento vari studiosi si erano occupati dello studio scientifico degli aspetti psicologici della prestidigitazione, coinvolgendo in vari casi famosi illusionisti dell\u2019epoca. Nell\u2019ultimo decennio le neuroscienze si sono interessate a studiare i meccanismi mentali coinvolti nella magia con l\u2019obiettivo di identificare meccanismi psicologici sconosciuti grazie agli esperimenti spontanei offerti da magia e illusionismo.<br \/>\nIn questo testo sono illustrati i fondamenti psicologici dell\u2019illusionismo ed i possibili contributi che lo studio di essi pu\u00f2 offrire alle neuroscienze. Il tema dell\u2019illusione \u00e8 analizzato anche all\u2019interno dell\u2019evoluzione del paradigma epistemologico in cui \u00e8 compresa la relazione tra psicoterapeuta e paziente.<\/p>\n<p>&nbsp;<\/p>\n<p>Illusionism has been used for centuries as an artistic instrument according to laws of great psychological interest. Primarily, magic tricks work because cognitive and emotional aspects are susceptible to manipulation. In fact, reality is not experienced by individuals as such, but is the result of the construction actively conducted by the brain. The art of magic is based on the action of the intrinsic properties of the mind and that of magicians \u2013 like crooks and cheaters \u2013 they are in fact experts in cognitive science that are able to cleverly manipulate the perception of reality.<br \/>\nPrestidigitation originated as a secret discipline requiring complex learning so much so that even today, despite recent vulgarization through the internet, mastering this art is not so much as knowing the tricks but the perseverance in their studies, curiosity in experimentation of mind and the particular way of thought. Illusion has its own laws regarding function it is exceptional and unique, depending on the background of the individual which in part is shared by other people. Towards the end of the nineteenth century many scholars were occupied in scientific studies of the psychological aspects of prestidigitation, in various cases involving famous magicians of that time. In the last decade neurosciences have been interested in studying the mental mechanisms involved in magic with the aim of identifying unknown psychological mechanisms thanks to spontaneous experiments offered by magic and illusionism. This text illustrates the basic elements of psychology that is linked with illusionism so as to try and understand the potential contribution it can offer to neuroscience. The theme of illusion is also analyzed in the evolution of the epistemological paradigm in which includes the relationship between therapist and patient.<\/p>\n","protected":false},"excerpt":{"rendered":"<p>L\u2019illusionismo \u00e8 impiegato da secoli come strumento artistico secondo regole di grande interesse psicologico. I trucchi magici funzionano fondamentalmente perch\u00e9 gli aspetti cognitivi ed emotivi sono suscettibili di manipolazione. La&hellip;<\/p>\n","protected":false},"featured_media":7177,"comment_status":"closed","ping_status":"closed","template":"","meta":{"_acf_changed":false,"om_disable_all_campaigns":false,"_monsterinsights_skip_tracking":false,"_monsterinsights_sitenote_active":false,"_monsterinsights_sitenote_note":"","_monsterinsights_sitenote_category":0},"product_brand":[],"product_cat":[3284],"product_tag":[],"class_list":{"0":"post-8462","1":"product","2":"type-product","3":"status-publish","4":"has-post-thumbnail","6":"product_cat-no-3-settembre-2016","7":"description-off","9":"first","10":"instock","11":"downloadable","12":"virtual","13":"sold-individually","14":"taxable","15":"purchasable","16":"product-type-simple"},"acf":[],"aioseo_notices":[],"_links":{"self":[{"href":"https:\/\/www.fioritieditore.com\/en\/wp-json\/wp\/v2\/product\/8462","targetHints":{"allow":["GET"]}}],"collection":[{"href":"https:\/\/www.fioritieditore.com\/en\/wp-json\/wp\/v2\/product"}],"about":[{"href":"https:\/\/www.fioritieditore.com\/en\/wp-json\/wp\/v2\/types\/product"}],"replies":[{"embeddable":true,"href":"https:\/\/www.fioritieditore.com\/en\/wp-json\/wp\/v2\/comments?post=8462"}],"wp:featuredmedia":[{"embeddable":true,"href":"https:\/\/www.fioritieditore.com\/en\/wp-json\/wp\/v2\/media\/7177"}],"wp:attachment":[{"href":"https:\/\/www.fioritieditore.com\/en\/wp-json\/wp\/v2\/media?parent=8462"}],"wp:term":[{"taxonomy":"product_brand","embeddable":true,"href":"https:\/\/www.fioritieditore.com\/en\/wp-json\/wp\/v2\/product_brand?post=8462"},{"taxonomy":"product_cat","embeddable":true,"href":"https:\/\/www.fioritieditore.com\/en\/wp-json\/wp\/v2\/product_cat?post=8462"},{"taxonomy":"product_tag","embeddable":true,"href":"https:\/\/www.fioritieditore.com\/en\/wp-json\/wp\/v2\/product_tag?post=8462"}],"curies":[{"name":"wp","href":"https:\/\/api.w.org\/{rel}","templated":true}]}}